{"id":3,"date":"2022-04-28T00:14:32","date_gmt":"2022-04-28T00:14:32","guid":{"rendered":"https:\/\/lipka.la\/?page_id=3"},"modified":"2023-06-12T21:18:27","modified_gmt":"2023-06-12T21:18:27","slug":"politica-privacidad","status":"publish","type":"page","link":"https:\/\/lipka.la\/en\/politica-privacidad\/","title":{"rendered":"Pol\u00edtica de privacidad"},"content":{"rendered":"<div data-elementor-type=\"wp-page\" data-elementor-id=\"3\" class=\"elementor elementor-3\">\n\t\t\t\t\t\t<section class=\"elementor-section elementor-top-section elementor-element elementor-element-4592208 elementor-section-height-full elementor-section-boxed elementor-section-height-default elementor-section-items-middle\" data-id=\"4592208\" data-element_type=\"section\" data-e-type=\"section\" data-settings=\"{&quot;background_background&quot;:&quot;classic&quot;}\">\n\t\t\t\t\t\t<div class=\"elementor-container elementor-column-gap-default\">\n\t\t\t\t\t<div class=\"elementor-column elementor-col-100 elementor-top-column elementor-element elementor-element-08b8ef8\" data-id=\"08b8ef8\" data-element_type=\"column\" data-e-type=\"column\">\n\t\t\t<div class=\"elementor-widget-wrap elementor-element-populated\">\n\t\t\t\t\t\t<div class=\"elementor-element elementor-element-dec9ac5 elementor-widget elementor-widget-heading\" data-id=\"dec9ac5\" data-element_type=\"widget\" data-e-type=\"widget\" data-widget_type=\"heading.default\">\n\t\t\t\t<div class=\"elementor-widget-container\">\n\t\t\t\t\t<h2 class=\"elementor-heading-title elementor-size-default\">Privacy of personal information<\/h2>\t\t\t\t<\/div>\n\t\t\t\t<\/div>\n\t\t\t\t<div class=\"elementor-element elementor-element-1539ac6 elementor-widget elementor-widget-heading\" data-id=\"1539ac6\" data-element_type=\"widget\" data-e-type=\"widget\" data-widget_type=\"heading.default\">\n\t\t\t\t<div class=\"elementor-widget-container\">\n\t\t\t\t\t<p class=\"elementor-heading-title elementor-size-default\">All the information and personal data that is required, used or located during our Service (from the moment in which you first contact us) will be used solely with the purpose of helping achieve the Service. By writing to our email you accept that the information you share with us and the one that\u2019s found during our Service can be shared with any person or office that might help in the tasks at hand. These being, but not limited to: Archives, civil registries, translators, administrative and gubermental offices and any person who\u2019s work might help the tasks for the Service, as secretaries, for example. As well, if at any moment you choose to have the information gathered deleted, please let us know and we will do it as soon as possible.\n<\/p>\t\t\t\t<\/div>\n\t\t\t\t<\/div>\n\t\t\t\t<div class=\"elementor-element elementor-element-1c2670e elementor-align-center elementor-widget elementor-widget-button\" data-id=\"1c2670e\" data-element_type=\"widget\" data-e-type=\"widget\" data-widget_type=\"button.default\">\n\t\t\t\t<div class=\"elementor-widget-container\">\n\t\t\t\t\t\t\t\t\t<div class=\"elementor-button-wrapper\">\n\t\t\t\t\t<a class=\"elementor-button elementor-button-link elementor-size-sm\" href=\"https:\/\/lipka.la\/en\/inicio\/\">\n\t\t\t\t\t\t<span class=\"elementor-button-content-wrapper\">\n\t\t\t\t\t\t\t\t\t<span class=\"elementor-button-text\">Go back to homepage \u2192<\/span>\n\t\t\t\t\t<\/span>\n\t\t\t\t\t<\/a>\n\t\t\t\t<\/div>\n\t\t\t\t\t\t\t\t<\/div>\n\t\t\t\t<\/div>\n\t\t\t\t\t<\/div>\n\t\t<\/div>\n\t\t\t\t\t<\/div>\n\t\t<\/section>\n\t\t\t\t<\/div>","protected":false},"excerpt":{"rendered":"<p>Privacidad de datos personales Toda informaci\u00f3n y datos personales que se requieran, utilicen o localicen durante el marco del servicio (desde el momento en el cual se contactan con nosotros) ser\u00e1 utilizada con el \u00fanico fin de poder cumplir con el servicio de b\u00fasqueda. Al enviarnos la informaci\u00f3n y\/o documentos que poseen para la b\u00fasqueda, [&hellip;]<\/p>","protected":false},"author":1,"featured_media":0,"parent":0,"menu_order":0,"comment_status":"closed","ping_status":"open","template":"elementor_canvas","meta":{"footnotes":""},"class_list":["post-3","page","type-page","status-publish","hentry"],"yoast_head":"<!-- This site is optimized with the Yoast SEO plugin v25.5 - https:\/\/yoast.com\/wordpress\/plugins\/seo\/ -->\n<title>Pol\u00edtica de privacidad - Lipka<\/title>\n<meta name=\"robots\" content=\"index, follow, max-snippet:-1, max-image-preview:large, max-video-preview:-1\" \/>\n<link rel=\"canonical\" href=\"https:\/\/lipka.la\/en\/politica-privacidad\/\" \/>\n<meta property=\"og:locale\" content=\"en_US\" \/>\n<meta property=\"og:type\" content=\"article\" \/>\n<meta property=\"og:title\" content=\"Pol\u00edtica de privacidad - Lipka\" \/>\n<meta property=\"og:description\" content=\"Privacidad de datos personales Toda informaci\u00f3n y datos personales que se requieran, utilicen o localicen durante el marco del servicio (desde el momento en el cual se contactan con nosotros) ser\u00e1 utilizada con el \u00fanico fin de poder cumplir con el servicio de b\u00fasqueda. Al enviarnos la informaci\u00f3n y\/o documentos que poseen para la b\u00fasqueda, [&hellip;]\" \/>\n<meta property=\"og:url\" content=\"https:\/\/lipka.la\/en\/politica-privacidad\/\" \/>\n<meta property=\"og:site_name\" content=\"Lipka\" \/>\n<meta property=\"article:modified_time\" content=\"2023-06-12T21:18:27+00:00\" \/>\n<meta name=\"twitter:card\" content=\"summary_large_image\" \/>\n<meta name=\"twitter:label1\" content=\"Est. reading time\" \/>\n\t<meta name=\"twitter:data1\" content=\"1 minute\" \/>\n<script type=\"application\/ld+json\" class=\"yoast-schema-graph\">{\"@context\":\"https:\/\/schema.org\",\"@graph\":[{\"@type\":\"WebPage\",\"@id\":\"https:\/\/lipka.la\/politica-privacidad\/\",\"url\":\"https:\/\/lipka.la\/politica-privacidad\/\",\"name\":\"Pol\u00edtica de privacidad - Lipka\",\"isPartOf\":{\"@id\":\"https:\/\/lipka.la\/#website\"},\"datePublished\":\"2022-04-28T00:14:32+00:00\",\"dateModified\":\"2023-06-12T21:18:27+00:00\",\"breadcrumb\":{\"@id\":\"https:\/\/lipka.la\/politica-privacidad\/#breadcrumb\"},\"inLanguage\":\"en-US\",\"potentialAction\":[{\"@type\":\"ReadAction\",\"target\":[\"https:\/\/lipka.la\/politica-privacidad\/\"]}]},{\"@type\":\"BreadcrumbList\",\"@id\":\"https:\/\/lipka.la\/politica-privacidad\/#breadcrumb\",\"itemListElement\":[{\"@type\":\"ListItem\",\"position\":1,\"name\":\"Portada\",\"item\":\"https:\/\/lipka.la\/\"},{\"@type\":\"ListItem\",\"position\":2,\"name\":\"Pol\u00edtica de privacidad\"}]},{\"@type\":\"WebSite\",\"@id\":\"https:\/\/lipka.la\/#website\",\"url\":\"https:\/\/lipka.la\/\",\"name\":\"Lipka\",\"description\":\"B\u00fasquedas\",\"potentialAction\":[{\"@type\":\"SearchAction\",\"target\":{\"@type\":\"EntryPoint\",\"urlTemplate\":\"https:\/\/lipka.la\/?s={search_term_string}\"},\"query-input\":{\"@type\":\"PropertyValueSpecification\",\"valueRequired\":true,\"valueName\":\"search_term_string\"}}],\"inLanguage\":\"en-US\"}]}<\/script>\n<!-- \/ Yoast SEO plugin. -->","yoast_head_json":{"title":"Pol\u00edtica de privacidad - Lipka","robots":{"index":"index","follow":"follow","max-snippet":"max-snippet:-1","max-image-preview":"max-image-preview:large","max-video-preview":"max-video-preview:-1"},"canonical":"https:\/\/lipka.la\/en\/politica-privacidad\/","og_locale":"en_US","og_type":"article","og_title":"Pol\u00edtica de privacidad - Lipka","og_description":"Privacidad de datos personales Toda informaci\u00f3n y datos personales que se requieran, utilicen o localicen durante el marco del servicio (desde el momento en el cual se contactan con nosotros) ser\u00e1 utilizada con el \u00fanico fin de poder cumplir con el servicio de b\u00fasqueda. Al enviarnos la informaci\u00f3n y\/o documentos que poseen para la b\u00fasqueda, [&hellip;]","og_url":"https:\/\/lipka.la\/en\/politica-privacidad\/","og_site_name":"Lipka","article_modified_time":"2023-06-12T21:18:27+00:00","twitter_card":"summary_large_image","twitter_misc":{"Est. reading time":"1 minute"},"schema":{"@context":"https:\/\/schema.org","@graph":[{"@type":"WebPage","@id":"https:\/\/lipka.la\/politica-privacidad\/","url":"https:\/\/lipka.la\/politica-privacidad\/","name":"Pol\u00edtica de privacidad - Lipka","isPartOf":{"@id":"https:\/\/lipka.la\/#website"},"datePublished":"2022-04-28T00:14:32+00:00","dateModified":"2023-06-12T21:18:27+00:00","breadcrumb":{"@id":"https:\/\/lipka.la\/politica-privacidad\/#breadcrumb"},"inLanguage":"en-US","potentialAction":[{"@type":"ReadAction","target":["https:\/\/lipka.la\/politica-privacidad\/"]}]},{"@type":"BreadcrumbList","@id":"https:\/\/lipka.la\/politica-privacidad\/#breadcrumb","itemListElement":[{"@type":"ListItem","position":1,"name":"Portada","item":"https:\/\/lipka.la\/"},{"@type":"ListItem","position":2,"name":"Pol\u00edtica de privacidad"}]},{"@type":"WebSite","@id":"https:\/\/lipka.la\/#website","url":"https:\/\/lipka.la\/","name":"Lipka","description":"B\u00fasquedas","potentialAction":[{"@type":"SearchAction","target":{"@type":"EntryPoint","urlTemplate":"https:\/\/lipka.la\/?s={search_term_string}"},"query-input":{"@type":"PropertyValueSpecification","valueRequired":true,"valueName":"search_term_string"}}],"inLanguage":"en-US"}]}},"_links":{"self":[{"href":"https:\/\/lipka.la\/en\/wp-json\/wp\/v2\/pages\/3","targetHints":{"allow":["GET"]}}],"collection":[{"href":"https:\/\/lipka.la\/en\/wp-json\/wp\/v2\/pages"}],"about":[{"href":"https:\/\/lipka.la\/en\/wp-json\/wp\/v2\/types\/page"}],"author":[{"embeddable":true,"href":"https:\/\/lipka.la\/en\/wp-json\/wp\/v2\/users\/1"}],"replies":[{"embeddable":true,"href":"https:\/\/lipka.la\/en\/wp-json\/wp\/v2\/comments?post=3"}],"version-history":[{"count":0,"href":"https:\/\/lipka.la\/en\/wp-json\/wp\/v2\/pages\/3\/revisions"}],"wp:attachment":[{"href":"https:\/\/lipka.la\/en\/wp-json\/wp\/v2\/media?parent=3"}],"curies":[{"name":"wp","href":"https:\/\/api.w.org\/{rel}","templated":true}]}}